{"id":15,"date":"2021-10-02T00:06:29","date_gmt":"2021-10-01T22:06:29","guid":{"rendered":"http:\/\/ilid.online\/?page_id=15"},"modified":"2021-10-02T03:10:13","modified_gmt":"2021-10-02T01:10:13","slug":"was-ist-ilid","status":"publish","type":"page","link":"https:\/\/ilid.online\/?page_id=15","title":{"rendered":"Was ist ILiD? Wer ist ILiD?"},"content":{"rendered":"\n<p><\/p>\n\n\n\n<p>ILiD ist die Kurzbezeichnung der Initative Lehrkr\u00e4fte im Dialog, die sich in und f\u00fcr Rheinland-Pfalz gegr\u00fcndet hat. <\/p>\n\n\n\n<p>Die Initiative wurde durch aktive und ehemalige Lehrkr\u00e4fte des Landes RLP ins Leben gerufen, die vor allem wegen folgender staatlicher Ma\u00dfnahmen der Corona-Bek\u00e4mpfung (existent, geplant, diskutiert, potenziell &#8211; im Bereich des M\u00f6glichen) sehr beunruhigt sind. <\/p>\n\n\n\n<p>Sie halten diese f\u00fcr nicht geeignet, nicht erforderlich, unverh\u00e4ltnism\u00e4\u00dfig und unangemessen sowie in wesentlichen Teilen f\u00fcr rechtswidrig und ihre (psychischen, sozialen, \u00f6konomischen) Folgen f\u00fcr katastro\u00adphal:<\/p>\n\n\n\n<ul class=\"wp-block-list\"><li>Maskenzwang und Testpflicht in der Schule<\/li><li>SARS-CoV-2-Impfung von Kindern und Jugendlichen mit nicht hinreichend getes\u00adteten Impfstoffen (insbesondere mRNA- und Vektorimpfstoffe) und zweifelhafter Empfehlung durch die STIKO im Vergleich zu Einsch\u00e4tzungen anderer L\u00e4nder<\/li><li>Impfzwang bzw. direkte und indirekte Impfplicht gegen COVID-19<\/li><li>Diskriminierung von nicht gegen COVID-19 geimpften Menschen<\/li><li>die zerst\u00f6rerische Spaltung unserer Gesellschaft in Nicht-Geimpfte versus Ge\u00adimpfte\/Genesene.<\/li><\/ul>\n\n\n\n<p>Die Mitglieder von ILiD kommen aus unterschiedlichen Schularten und -formen, (partei-)poli\u00adtischen und\/oder gewerkschaftlichen Zusammenh\u00e4ngen. Sie haben sich zu ILiD zusammen\u00adgeschlossen, da sie ihre beruflichen und pers\u00f6nlichen Interessen als P\u00e4dagoginnen und P\u00e4d\u00adagogen und als Menschen im Umgang mit COVID-19\/SARS-CoV-2 (in den Schulen) durch Ge\u00adwerkschaften und Verb\u00e4nde nicht hinreichend vertreten sehen und sich insbesondere f\u00fcr folgende Ziele einsetzen:<\/p>\n\n\n\n<ul class=\"wp-block-list\"><li>uneingeschr\u00e4nkter Pr\u00e4senzunterricht (vgl. Schweden)<\/li><li>die sofortige Beendigung der epidemischen Lage von nationaler Tragweite durch den Bundestag<\/li><li>die sofortige Beendigung aller autorit\u00e4ren, obrigkeitsstaatlichen, verfassungs- und grundgesetzwidrigen, rechtsstaatswidrigen, unverh\u00e4ltnism\u00e4\u00dfigen Corona-Be\u00adk\u00e4mpfungsma\u00dfnahmen von Bundesregierung, Landesregierung und kommunaler Verwaltung.<\/li><\/ul>\n\n\n\n<p><\/p>\n\n\n\n<p>Ansprechpartnerin und Ansprechpartner von ILiD sind:<\/p>\n\n\n\n<p><\/p>\n\n\n\n<p>Rainer Stablo, Sch\u00fclerwiese 14, 54497 Morbach, rainer [ at ] stablo . de, 06533 93125\u00a0<\/p>\n\n\n\n<p>Sylvia Sund, Parkstr. 9, 54313 Zemmer, sylviasund [ at ] t-online . de, 06580 8219<\/p>\n\n\n\n<p>\u00a0\u00a0\u00a0\u00a0\u00a0\u00a0\u00a0\u00a0\u00a0\u00a0\u00a0\u00a0\u00a0\u00a0\u00a0\u00a0\u00a0\u00a0\u00a0\u00a0 <\/p>\n\n\n\n<p>\u00a0\u00a0\u00a0\u00a0\u00a0\u00a0\u00a0\u00a0\u00a0\u00a0\u00a0\u00a0\u00a0\u00a0\u00a0\u00a0\u00a0\u00a0\u00a0\u00a0 <\/p>\n\n\n\n<p>           <\/p>\n\n\n\n<p>                          <\/p>\n","protected":false},"excerpt":{"rendered":"<p>ILiD ist die Kurzbezeichnung der Initative Lehrkr\u00e4fte im Dialog, die sich in und f\u00fcr Rheinland-Pfalz gegr\u00fcndet hat. Die Initiative wurde durch aktive und ehemalige Lehrkr\u00e4fte des Landes RLP ins Leben gerufen, die vor allem wegen&#8230;<\/p>\n","protected":false},"author":1,"featured_media":0,"parent":0,"menu_order":0,"comment_status":"closed","ping_status":"closed","template":"","meta":{"footnotes":""},"class_list":["post-15","page","type-page","status-publish","hentry","no-post-thumbnail"],"_links":{"self":[{"href":"https:\/\/ilid.online\/index.php?rest_route=\/wp\/v2\/pages\/15","targetHints":{"allow":["GET"]}}],"collection":[{"href":"https:\/\/ilid.online\/index.php?rest_route=\/wp\/v2\/pages"}],"about":[{"href":"https:\/\/ilid.online\/index.php?rest_route=\/wp\/v2\/types\/page"}],"author":[{"embeddable":true,"href":"https:\/\/ilid.online\/index.php?rest_route=\/wp\/v2\/users\/1"}],"replies":[{"embeddable":true,"href":"https:\/\/ilid.online\/index.php?rest_route=%2Fwp%2Fv2%2Fcomments&post=15"}],"version-history":[{"count":6,"href":"https:\/\/ilid.online\/index.php?rest_route=\/wp\/v2\/pages\/15\/revisions"}],"predecessor-version":[{"id":579,"href":"https:\/\/ilid.online\/index.php?rest_route=\/wp\/v2\/pages\/15\/revisions\/579"}],"wp:attachment":[{"href":"https:\/\/ilid.online\/index.php?rest_route=%2Fwp%2Fv2%2Fmedia&parent=15"}],"curies":[{"name":"wp","href":"https:\/\/api.w.org\/{rel}","templated":true}]}}