{"id":192,"date":"2021-10-05T11:32:34","date_gmt":"2021-10-05T09:32:34","guid":{"rendered":"https:\/\/ilid.online\/?page_id=192"},"modified":"2021-10-05T12:47:29","modified_gmt":"2021-10-05T10:47:29","slug":"sonstige-infos","status":"publish","type":"page","link":"https:\/\/ilid.online\/?page_id=192","title":{"rendered":"Lehrkr\u00e4fte"},"content":{"rendered":"\n<p><\/p>\n\n\n\n<p class=\"has-medium-font-size\"><strong>29.09.2021: <\/strong><\/p>\n\n\n\n<p class=\"has-medium-font-size\"><strong>Quarant\u00e4ne-Regelung f\u00fcr Lehrkr\u00e4fte &#8211; Bezahlung &#8211; Unterschiedliche Behandlung von verbeamteten und angestellten Lehrkr\u00e4ften<\/strong><\/p>\n\n\n\n<p><strong>Schreiben des Ministeriums des Innern und f\u00fcr Sport Rheinland-Pfalz<\/strong><\/p>\n\n\n\n<div data-wp-interactive=\"core\/file\" class=\"wp-block-file\"><object data-wp-bind--hidden=\"!state.hasPdfPreview\" hidden class=\"wp-block-file__embed\" data=\"https:\/\/ilid.online\/wp-content\/uploads\/2021\/10\/Corona-Rundschreiben-vom-29.9.2021-1.pdf\" type=\"application\/pdf\" style=\"width:100%;height:600px\" aria-label=\"Einbettung von Einbettung von Corona-Rundschreiben vom 29.9.2021-1..\"><\/object><a href=\"https:\/\/ilid.online\/wp-content\/uploads\/2021\/10\/Corona-Rundschreiben-vom-29.9.2021-1.pdf\">Corona-Rundschreiben vom 29.9.2021-1<\/a><a href=\"https:\/\/ilid.online\/wp-content\/uploads\/2021\/10\/Corona-Rundschreiben-vom-29.9.2021-1.pdf\" class=\"wp-block-file__button\" download>Herunterladen<\/a><\/div>\n","protected":false},"excerpt":{"rendered":"<p>29.09.2021: Quarant\u00e4ne-Regelung f\u00fcr Lehrkr\u00e4fte &#8211; Bezahlung &#8211; Unterschiedliche Behandlung von verbeamteten und angestellten Lehrkr\u00e4ften Schreiben des Ministeriums des Innern und f\u00fcr Sport Rheinland-Pfalz<\/p>\n","protected":false},"author":1,"featured_media":0,"parent":0,"menu_order":0,"comment_status":"closed","ping_status":"closed","template":"","meta":{"footnotes":""},"class_list":["post-192","page","type-page","status-publish","hentry","no-post-thumbnail"],"_links":{"self":[{"href":"https:\/\/ilid.online\/index.php?rest_route=\/wp\/v2\/pages\/192","targetHints":{"allow":["GET"]}}],"collection":[{"href":"https:\/\/ilid.online\/index.php?rest_route=\/wp\/v2\/pages"}],"about":[{"href":"https:\/\/ilid.online\/index.php?rest_route=\/wp\/v2\/types\/page"}],"author":[{"embeddable":true,"href":"https:\/\/ilid.online\/index.php?rest_route=\/wp\/v2\/users\/1"}],"replies":[{"embeddable":true,"href":"https:\/\/ilid.online\/index.php?rest_route=%2Fwp%2Fv2%2Fcomments&post=192"}],"version-history":[{"count":4,"href":"https:\/\/ilid.online\/index.php?rest_route=\/wp\/v2\/pages\/192\/revisions"}],"predecessor-version":[{"id":240,"href":"https:\/\/ilid.online\/index.php?rest_route=\/wp\/v2\/pages\/192\/revisions\/240"}],"wp:attachment":[{"href":"https:\/\/ilid.online\/index.php?rest_route=%2Fwp%2Fv2%2Fmedia&parent=192"}],"curies":[{"name":"wp","href":"https:\/\/api.w.org\/{rel}","templated":true}]}}