{"id":22,"date":"2021-10-02T00:26:32","date_gmt":"2021-10-01T22:26:32","guid":{"rendered":"http:\/\/ilid.online\/?page_id=22"},"modified":"2021-10-26T22:40:06","modified_gmt":"2021-10-26T20:40:06","slug":"aktivitaeten","status":"publish","type":"page","link":"https:\/\/ilid.online\/?page_id=22","title":{"rendered":"Aktivit\u00e4ten"},"content":{"rendered":"\n<p><\/p>\n\n\n\n<p class=\"has-medium-font-size\"><strong><a rel=\"noreferrer noopener\" href=\"https:\/\/ilid.online\/?page_id=50\" target=\"_blank\">16.09.2021: Schreiben von ILiD per E-Mail an die Ministerin f\u00fcr Bildung Rheinland-Pfalz, Dr. Stefanie Hubig<\/a><\/strong><\/p>\n\n\n\n<p class=\"has-medium-font-size\"><a rel=\"noreferrer noopener\" href=\"https:\/\/ilid.online\/?page_id=60\" target=\"_blank\"><strong>27.10.2021:<\/strong> <strong>Unterst\u00fctzungsunterschrifte<\/strong>n <strong>zum Schreiben von ILiD an die Ministerin f\u00fcr Bildung<\/strong><\/a><\/p>\n","protected":false},"excerpt":{"rendered":"<p>16.09.2021: Schreiben von ILiD per E-Mail an die Ministerin f\u00fcr Bildung Rheinland-Pfalz, Dr. Stefanie Hubig 27.10.2021: Unterst\u00fctzungsunterschriften zum Schreiben von ILiD an die Ministerin f\u00fcr Bildung<\/p>\n","protected":false},"author":1,"featured_media":0,"parent":0,"menu_order":0,"comment_status":"closed","ping_status":"closed","template":"","meta":{"footnotes":""},"class_list":["post-22","page","type-page","status-publish","hentry","no-post-thumbnail"],"_links":{"self":[{"href":"https:\/\/ilid.online\/index.php?rest_route=\/wp\/v2\/pages\/22","targetHints":{"allow":["GET"]}}],"collection":[{"href":"https:\/\/ilid.online\/index.php?rest_route=\/wp\/v2\/pages"}],"about":[{"href":"https:\/\/ilid.online\/index.php?rest_route=\/wp\/v2\/types\/page"}],"author":[{"embeddable":true,"href":"https:\/\/ilid.online\/index.php?rest_route=\/wp\/v2\/users\/1"}],"replies":[{"embeddable":true,"href":"https:\/\/ilid.online\/index.php?rest_route=%2Fwp%2Fv2%2Fcomments&post=22"}],"version-history":[{"count":13,"href":"https:\/\/ilid.online\/index.php?rest_route=\/wp\/v2\/pages\/22\/revisions"}],"predecessor-version":[{"id":378,"href":"https:\/\/ilid.online\/index.php?rest_route=\/wp\/v2\/pages\/22\/revisions\/378"}],"wp:attachment":[{"href":"https:\/\/ilid.online\/index.php?rest_route=%2Fwp%2Fv2%2Fmedia&parent=22"}],"curies":[{"name":"wp","href":"https:\/\/api.w.org\/{rel}","templated":true}]}}