{"id":245,"date":"2021-10-05T13:01:44","date_gmt":"2021-10-05T11:01:44","guid":{"rendered":"https:\/\/ilid.online\/?page_id=245"},"modified":"2021-10-26T14:12:08","modified_gmt":"2021-10-26T12:12:08","slug":"sonstiges-2","status":"publish","type":"page","link":"https:\/\/ilid.online\/?page_id=245","title":{"rendered":"Sonstiges"},"content":{"rendered":"\n<p><\/p>\n\n\n\n<p class=\"has-medium-font-size\"><strong>25.\/26.10.2021:<\/strong><\/p>\n\n\n\n<p class=\"has-medium-font-size\"><strong>Berliner Zeitung,<\/strong> <strong>Daniela Dahn: Was ich bei Ungeimpften in meinem Umfeld beobachte<\/strong><\/p>\n\n\n\n<div data-wp-interactive=\"core\/file\" class=\"wp-block-file\"><object data-wp-bind--hidden=\"!state.hasPdfPreview\" hidden class=\"wp-block-file__embed\" data=\"https:\/\/ilid.online\/wp-content\/uploads\/2021\/10\/Berliner-Zeitung_20211026_Daniela_Dahn_Was_ich_bei_Ungeimpften_in_meinem_Umfeld_beobachte-.pdf\" type=\"application\/pdf\" style=\"width:100%;height:600px\" aria-label=\"Einbettung von Einbettung von Berliner-Zeitung_20211026_Daniela_Dahn_Was_ich_bei_Ungeimpften_in_meinem_Umfeld_beobachte-..\"><\/object><a href=\"https:\/\/ilid.online\/wp-content\/uploads\/2021\/10\/Berliner-Zeitung_20211026_Daniela_Dahn_Was_ich_bei_Ungeimpften_in_meinem_Umfeld_beobachte-.pdf\">Berliner-Zeitung_20211026_Daniela_Dahn_Was_ich_bei_Ungeimpften_in_meinem_Umfeld_beobachte-<\/a><a href=\"https:\/\/ilid.online\/wp-content\/uploads\/2021\/10\/Berliner-Zeitung_20211026_Daniela_Dahn_Was_ich_bei_Ungeimpften_in_meinem_Umfeld_beobachte-.pdf\" class=\"wp-block-file__button\" download>Herunterladen<\/a><\/div>\n\n\n\n<p>Quelle:<\/p>\n\n\n\n<p><a href=\"https:\/\/www.berliner-zeitung.de\/politik-gesellschaft\/daniela-dahn-was-ich-bei-ungeimpften-in-meinem-umfeld-beobachte-li.190726\" target=\"_blank\" rel=\"noreferrer noopener\">https:\/\/www.berliner-zeitung.de\/politik-gesellschaft\/daniela-dahn-was-ich-bei-ungeimpften-in-meinem-umfeld-beobachte-li.190726<\/a><\/p>\n\n\n\n<p><\/p>\n\n\n\n<p class=\"has-medium-font-size\"><strong>05.10.2021:<\/strong><\/p>\n\n\n\n<div data-wp-interactive=\"core\/file\" class=\"wp-block-file\"><object data-wp-bind--hidden=\"!state.hasPdfPreview\" hidden class=\"wp-block-file__embed\" data=\"https:\/\/ilid.online\/wp-content\/uploads\/2021\/10\/Ich-kann-nicht-mehr-multipolar.pdf\" type=\"application\/pdf\" style=\"width:100%;height:600px\" aria-label=\"Einbettung von Einbettung von Ich kann nicht mehr - multipolar..\"><\/object><a href=\"https:\/\/ilid.online\/wp-content\/uploads\/2021\/10\/Ich-kann-nicht-mehr-multipolar.pdf\">Ich kann nicht mehr &#8211; multipolar<\/a><a href=\"https:\/\/ilid.online\/wp-content\/uploads\/2021\/10\/Ich-kann-nicht-mehr-multipolar.pdf\" class=\"wp-block-file__button\" download>Herunterladen<\/a><\/div>\n\n\n\n<p>Quelle:<\/p>\n\n\n\n<p class=\"has-vivid-cyan-blue-color has-text-color\"><a href=\"https:\/\/multipolar-magazin.de\/artikel\/ich-kann-nicht-mehr\" target=\"_blank\" rel=\"noreferrer noopener\">https:\/\/multipolar-magazin.de\/artikel\/ich-kann-nicht-mehr<\/a><\/p>\n\n\n\n<p class=\"has-medium-font-size\"><strong>05.10.2021:<\/strong><\/p>\n\n\n\n<p class=\"has-medium-font-size\"><strong>Hans-J\u00fcrgen Papier: \u201eIrrational, kopflos \u2013 Vertrauen in Handlungsf\u00e4higkeit des Staates ist ersch\u00fcttert\u201c<\/strong><\/p>\n\n\n\n<div data-wp-interactive=\"core\/file\" class=\"wp-block-file\"><object data-wp-bind--hidden=\"!state.hasPdfPreview\" hidden class=\"wp-block-file__embed\" data=\"https:\/\/ilid.online\/wp-content\/uploads\/2021\/10\/Hans-Juergen-Papier-Vertrauen-in-Handlungsfaehigkeit-des-Staates-erschuettert-WELT.pdf\" type=\"application\/pdf\" style=\"width:100%;height:600px\" aria-label=\"Einbettung von Einbettung von Hans-J\u00fcrgen Papier- Vertrauen in Handlungsf\u00e4higkeit des Staates ersch\u00fcttert - WELT..\"><\/object><a href=\"https:\/\/ilid.online\/wp-content\/uploads\/2021\/10\/Hans-Juergen-Papier-Vertrauen-in-Handlungsfaehigkeit-des-Staates-erschuettert-WELT.pdf\">Hans-J\u00fcrgen Papier- Vertrauen in Handlungsf\u00e4higkeit des Staates ersch\u00fcttert &#8211; WELT<\/a><a href=\"https:\/\/ilid.online\/wp-content\/uploads\/2021\/10\/Hans-Juergen-Papier-Vertrauen-in-Handlungsfaehigkeit-des-Staates-erschuettert-WELT.pdf\" class=\"wp-block-file__button\" download>Herunterladen<\/a><\/div>\n\n\n\n<p>Quelle:<\/p>\n\n\n\n<p class=\"has-vivid-cyan-blue-color has-text-color\"><a href=\"https:\/\/www.welt.de\/politik\/deutschland\/plus234193236\/Hans-Juergen-Papier-Vertrauen-in-Handlungsfaehigkeit-des-Staates-erschuettert.html\" target=\"_blank\" rel=\"noreferrer noopener\">https:\/\/www.welt.de\/politik\/deutschland\/plus234193236\/Hans-Juergen-Papier-Vertrauen-in-Handlungsfaehigkeit-des-Staates-erschuettert.html<\/a><\/p>\n\n\n\n<p><\/p>\n\n\n\n<p class=\"has-medium-font-size\"><strong>Fragen und Antworten zum Messengerdienst Telegra<\/strong>m:<\/p>\n\n\n\n<p class=\"has-vivid-cyan-blue-color has-text-color\"><a href=\"https:\/\/telegram.org\/faq\" target=\"_blank\" rel=\"noreferrer noopener\">https:\/\/telegram.org\/faq<\/a><\/p>\n","protected":false},"excerpt":{"rendered":"<p>25.\/26.10.2021: Berliner Zeitung, Daniela Dahn: Was ich bei Ungeimpften in meinem Umfeld beobachte Quelle: https:\/\/www.berliner-zeitung.de\/politik-gesellschaft\/daniela-dahn-was-ich-bei-ungeimpften-in-meinem-umfeld-beobachte-li.190726 05.10.2021: Quelle: https:\/\/multipolar-magazin.de\/artikel\/ich-kann-nicht-mehr 05.10.2021: Hans-J\u00fcrgen Papier: \u201eIrrational, kopflos \u2013 Vertrauen in Handlungsf\u00e4higkeit des Staates ist ersch\u00fcttert\u201c Quelle: https:\/\/www.welt.de\/politik\/deutschland\/plus234193236\/Hans-Juergen-Papier-Vertrauen-in-Handlungsfaehigkeit-des-Staates-erschuettert.html Fragen und&#8230;<\/p>\n","protected":false},"author":1,"featured_media":0,"parent":0,"menu_order":0,"comment_status":"closed","ping_status":"closed","template":"","meta":{"footnotes":""},"class_list":["post-245","page","type-page","status-publish","hentry","no-post-thumbnail"],"_links":{"self":[{"href":"https:\/\/ilid.online\/index.php?rest_route=\/wp\/v2\/pages\/245","targetHints":{"allow":["GET"]}}],"collection":[{"href":"https:\/\/ilid.online\/index.php?rest_route=\/wp\/v2\/pages"}],"about":[{"href":"https:\/\/ilid.online\/index.php?rest_route=\/wp\/v2\/types\/page"}],"author":[{"embeddable":true,"href":"https:\/\/ilid.online\/index.php?rest_route=\/wp\/v2\/users\/1"}],"replies":[{"embeddable":true,"href":"https:\/\/ilid.online\/index.php?rest_route=%2Fwp%2Fv2%2Fcomments&post=245"}],"version-history":[{"count":10,"href":"https:\/\/ilid.online\/index.php?rest_route=\/wp\/v2\/pages\/245\/revisions"}],"predecessor-version":[{"id":374,"href":"https:\/\/ilid.online\/index.php?rest_route=\/wp\/v2\/pages\/245\/revisions\/374"}],"wp:attachment":[{"href":"https:\/\/ilid.online\/index.php?rest_route=%2Fwp%2Fv2%2Fmedia&parent=245"}],"curies":[{"name":"wp","href":"https:\/\/api.w.org\/{rel}","templated":true}]}}