{"id":26,"date":"2021-10-02T00:27:39","date_gmt":"2021-10-01T22:27:39","guid":{"rendered":"http:\/\/ilid.online\/?page_id=26"},"modified":"2021-11-15T19:31:10","modified_gmt":"2021-11-15T18:31:10","slug":"downloads","status":"publish","type":"page","link":"https:\/\/ilid.online\/?page_id=26","title":{"rendered":"Downloads"},"content":{"rendered":"\n<p class=\"has-vivid-cyan-blue-color has-text-color has-medium-font-size\"><a rel=\"noreferrer noopener\" href=\"https:\/\/ilid.online\/wp-content\/uploads\/2021\/11\/20211110095912.pdf\" target=\"_blank\">Antwortschreiben des Ministeriums f\u00fcr Bildung Rheinland-Pfalz vom 10.11.2021<\/a><\/p>\n\n\n\n<p><\/p>\n\n\n\n<p class=\"has-vivid-cyan-blue-color has-text-color has-medium-font-size\"><span class=\"has-inline-color has-vivid-cyan-blue-color\"><a rel=\"noreferrer noopener\" href=\"https:\/\/ilid.online\/wp-content\/uploads\/2021\/10\/Schreiben_MfB_VI_e_o_U.pdf\" target=\"_blank\">Schreiben der Initiative Lehrkr\u00e4fte im Dialog &#8211; ILiD an die Ministerin f\u00fcr Bildung Rheinland-Pfalz, Dr. Stefanie Hubig vom 16.09.2021<\/a><\/span><\/p>\n\n\n\n<p><\/p>\n\n\n\n<p class=\"has-vivid-cyan-blue-color has-text-color has-medium-font-size\"><a href=\"https:\/\/ilid.online\/wp-content\/uploads\/2021\/10\/Unterstuetzungsunterschriften_Schreiben_MfB_VI_e_o_U.pdf\" target=\"_blank\" rel=\"noreferrer noopener\">Unterst\u00fctzungsunterschriftenliste zum Schreiben der Initiative Lehrkr\u00e4fte im Dialog &#8211; ILiD an die Ministerin f\u00fcr Bildung Rheinland-Pfalz, Dr. Stefanie Hubig vom 16.09.2021<\/a><\/p>\n","protected":false},"excerpt":{"rendered":"<p>Antwortschreiben des Ministeriums f\u00fcr Bildung Rheinland-Pfalz vom 10.11.2021 Schreiben der Initiative Lehrkr\u00e4fte im Dialog &#8211; ILiD an die Ministerin f\u00fcr Bildung Rheinland-Pfalz, Dr. Stefanie Hubig vom 16.09.2021 Unterst\u00fctzungsunterschriftenliste zum Schreiben der Initiative Lehrkr\u00e4fte im Dialog&#8230;<\/p>\n","protected":false},"author":1,"featured_media":0,"parent":0,"menu_order":0,"comment_status":"closed","ping_status":"closed","template":"","meta":{"footnotes":""},"class_list":["post-26","page","type-page","status-publish","hentry","no-post-thumbnail"],"_links":{"self":[{"href":"https:\/\/ilid.online\/index.php?rest_route=\/wp\/v2\/pages\/26","targetHints":{"allow":["GET"]}}],"collection":[{"href":"https:\/\/ilid.online\/index.php?rest_route=\/wp\/v2\/pages"}],"about":[{"href":"https:\/\/ilid.online\/index.php?rest_route=\/wp\/v2\/types\/page"}],"author":[{"embeddable":true,"href":"https:\/\/ilid.online\/index.php?rest_route=\/wp\/v2\/users\/1"}],"replies":[{"embeddable":true,"href":"https:\/\/ilid.online\/index.php?rest_route=%2Fwp%2Fv2%2Fcomments&post=26"}],"version-history":[{"count":13,"href":"https:\/\/ilid.online\/index.php?rest_route=\/wp\/v2\/pages\/26\/revisions"}],"predecessor-version":[{"id":479,"href":"https:\/\/ilid.online\/index.php?rest_route=\/wp\/v2\/pages\/26\/revisions\/479"}],"wp:attachment":[{"href":"https:\/\/ilid.online\/index.php?rest_route=%2Fwp%2Fv2%2Fmedia&parent=26"}],"curies":[{"name":"wp","href":"https:\/\/api.w.org\/{rel}","templated":true}]}}