{"id":399,"date":"2021-10-29T12:57:37","date_gmt":"2021-10-29T10:57:37","guid":{"rendered":"https:\/\/ilid.online\/?page_id=399"},"modified":"2021-11-19T12:29:50","modified_gmt":"2021-11-19T11:29:50","slug":"neuigkeiten","status":"publish","type":"page","link":"https:\/\/ilid.online\/?page_id=399","title":{"rendered":"Neuigkeiten"},"content":{"rendered":"\n<p><\/p>\n\n\n\n<p class=\"has-medium-font-size\"><strong>18.11.2021: Jessica Hamed, Die Politik steckt in der Sackgasse, cicero-online<\/strong><\/p>\n\n\n\n<p><\/p>\n\n\n\n<div data-wp-interactive=\"core\/file\" class=\"wp-block-file\"><object data-wp-bind--hidden=\"!state.hasPdfPreview\" hidden class=\"wp-block-file__embed\" data=\"https:\/\/ilid.online\/wp-content\/uploads\/2021\/11\/Diskussion-um-gesetzliche-Impflicht-Die-Politik-steckt-in-der-Sackgasse-Cicero-Online.pdf\" type=\"application\/pdf\" style=\"width:100%;height:600px\" aria-label=\"Einbettung von Einbettung von Diskussion um gesetzliche Impflicht - Die Politik steckt in der Sackgasse - Cicero Online..\"><\/object><a href=\"https:\/\/ilid.online\/wp-content\/uploads\/2021\/11\/Diskussion-um-gesetzliche-Impflicht-Die-Politik-steckt-in-der-Sackgasse-Cicero-Online.pdf\">Diskussion um gesetzliche Impflicht &#8211; Die Politik steckt in der Sackgasse &#8211; Cicero Online<\/a><a href=\"https:\/\/ilid.online\/wp-content\/uploads\/2021\/11\/Diskussion-um-gesetzliche-Impflicht-Die-Politik-steckt-in-der-Sackgasse-Cicero-Online.pdf\" class=\"wp-block-file__button\" download>Herunterladen<\/a><\/div>\n\n\n\n<p class=\"has-vivid-cyan-blue-color has-text-color\">Quelle: <a href=\"https:\/\/www.cicero.de\/innenpolitik\/diskussion-um-gesetzliche-impflicht-die-politik-steckt-in-der-sackgasse\" target=\"_blank\" rel=\"noreferrer noopener\">https:\/\/www.cicero.de\/innenpolitik\/diskussion-um-gesetzliche-impflicht-die-politik-steckt-in-der-sackgasse<\/a><\/p>\n\n\n\n<p><\/p>\n\n\n\n<p>________________________________________________________________<\/p>\n\n\n\n<p><\/p>\n\n\n\n<p class=\"has-medium-font-size\"><strong>17.11.2021: Hannes Hofbauer zur Situation in \u00d6sterreich: \u201eSie sagen offen, dass damit die Menschen zum Impfen getrieben werden sollen\u201c, Nachdenkseiten<\/strong><\/p>\n\n\n\n<p><\/p>\n\n\n\n<div data-wp-interactive=\"core\/file\" class=\"wp-block-file\"><object data-wp-bind--hidden=\"!state.hasPdfPreview\" hidden class=\"wp-block-file__embed\" data=\"https:\/\/ilid.online\/wp-content\/uploads\/2021\/11\/hannes-hofbauer-zur-situation-in-sterreich-sie-sagen-offen-dass-damit-die-menschen-zum-impfen-getrieben-werden-sollen.pdf\" type=\"application\/pdf\" style=\"width:100%;height:600px\" aria-label=\"Einbettung von Einbettung von hannes-hofbauer-zur-situation-in-sterreich-sie-sagen-offen-dass-damit-die-menschen-zum-impfen-getrieben-werden-sollen..\"><\/object><a href=\"https:\/\/ilid.online\/wp-content\/uploads\/2021\/11\/hannes-hofbauer-zur-situation-in-sterreich-sie-sagen-offen-dass-damit-die-menschen-zum-impfen-getrieben-werden-sollen.pdf\">hannes-hofbauer-zur-situation-in-sterreich-sie-sagen-offen-dass-damit-die-menschen-zum-impfen-getrieben-werden-sollen<\/a><a href=\"https:\/\/ilid.online\/wp-content\/uploads\/2021\/11\/hannes-hofbauer-zur-situation-in-sterreich-sie-sagen-offen-dass-damit-die-menschen-zum-impfen-getrieben-werden-sollen.pdf\" class=\"wp-block-file__button\" download>Herunterladen<\/a><\/div>\n\n\n\n<p>Quelle: <a rel=\"noreferrer noopener\" href=\"https:\/\/www.nachdenkseiten.de\/?p=78052\" target=\"_blank\">https:\/\/www.nachdenkseiten.de\/?p=78052<\/a><\/p>\n\n\n\n<p><\/p>\n\n\n\n<p>________________________________________________________________<\/p>\n\n\n\n<p><\/p>\n\n\n\n<p class=\"has-medium-font-size\"><strong>15.11.2021: Statement des ver.di-Vorsitzenden Frank Werneke zur Diskussion \u00fcber eine Impfpflicht f\u00fcr bestimmte Besch\u00e4ftigtengruppen<\/strong><\/p>\n\n\n\n<p><\/p>\n\n\n\n<p class=\"has-vivid-cyan-blue-color has-text-color\"><a href=\"https:\/\/www.verdi.de\/presse\/pressemitteilungen\/++co++075e9130-4627-11ec-b9db-001a4a16012a\" target=\"_blank\" rel=\"noreferrer noopener\">https:\/\/www.verdi.de\/presse\/pressemitteilungen\/++co++075e9130-4627-11ec-b9db-001a4a16012a<\/a><\/p>\n\n\n\n<p><\/p>\n\n\n\n<p>________________________________________________________________<\/p>\n\n\n\n<p class=\"has-medium-font-size\"><strong>15.11.2021: Verdi-Chef warnt: Impfpflicht f\u00fcr bestimmte Berufe versch\u00e4rft Personalmangel, Berliner Zeitung<\/strong><\/p>\n\n\n\n<p><\/p>\n\n\n\n<p class=\"has-vivid-cyan-blue-color has-text-color\"><span class=\"has-inline-color has-vivid-cyan-blue-color\"><a href=\"https:\/\/www.berliner-zeitung.de\/news\/verdi-chef-warnt-vor-berufs-impfpflicht-personalmangel-wird-verschaerft-li.195005\" target=\"_blank\" rel=\"noreferrer noopener\">https:\/\/www.berliner-zeitung.de\/news\/verdi-chef-warnt-vor-berufs-impfpflicht-personalmangel-wird-verschaerft-li.195005<\/a><\/span><\/p>\n\n\n\n<p><\/p>\n\n\n\n<p>_______________________________________________________________<\/p>\n\n\n\n<p class=\"has-medium-font-size\"><strong>12.11.2021: Dr. Friedrich P\u00fcrner, Die Fratze der Geh\u00e4ssigkeit, Twitter-Thread<\/strong><\/p>\n\n\n\n<p><\/p>\n\n\n\n<div data-wp-interactive=\"core\/file\" class=\"wp-block-file\"><object data-wp-bind--hidden=\"!state.hasPdfPreview\" hidden class=\"wp-block-file__embed\" data=\"https:\/\/ilid.online\/wp-content\/uploads\/2021\/11\/Dr-Ftriedrich-Puerner-Tweets-20211112.pdf\" type=\"application\/pdf\" style=\"width:100%;height:600px\" aria-label=\"Einbettung von Einbettung von Dr-Ftriedrich-Puerner-Tweets-20211112..\"><\/object><a href=\"https:\/\/ilid.online\/wp-content\/uploads\/2021\/11\/Dr-Ftriedrich-Puerner-Tweets-20211112.pdf\">Dr-Ftriedrich-Puerner-Tweets-20211112<\/a><a href=\"https:\/\/ilid.online\/wp-content\/uploads\/2021\/11\/Dr-Ftriedrich-Puerner-Tweets-20211112.pdf\" class=\"wp-block-file__button\" download>Herunterladen<\/a><\/div>\n\n\n\n<p class=\"has-vivid-cyan-blue-color has-text-color\"><span class=\"has-inline-color has-black-color\">Quelle:<\/span> <a href=\"https:\/\/twitter.com\/DrPuerner\/status\/1459156883328094215\" target=\"_blank\" rel=\"noreferrer noopener\"><span class=\"has-inline-color has-vivid-cyan-blue-color\">https:\/\/twitter.com\/DrPuerner\/status\/1459156883328094215<\/span><\/a><\/p>\n\n\n\n<p>______________________________________________________________<\/p>\n\n\n\n<p><\/p>\n\n\n\n<p class=\"has-medium-font-size\"><strong>12.11.2021: Sahra Wagenknecht, Nein, wir haben keine \u201ePandemie der Ungeimpften\u201c, WELT<\/strong><\/p>\n\n\n\n<p><\/p>\n\n\n\n<div data-wp-interactive=\"core\/file\" class=\"wp-block-file\"><object data-wp-bind--hidden=\"!state.hasPdfPreview\" hidden class=\"wp-block-file__embed\" data=\"https:\/\/ilid.online\/wp-content\/uploads\/2021\/11\/Sahra-Wagenknecht-\u201eWir-haben-keine-\u201aPandemie-der-Ungeimpften\u2018-WELT.pdf\" type=\"application\/pdf\" style=\"width:100%;height:600px\" aria-label=\"Einbettung von Einbettung von Sahra Wagenknecht- \u201eWir haben keine \u201aPandemie der Ungeimpften\u2018\u201c - WELT..\"><\/object><a href=\"https:\/\/ilid.online\/wp-content\/uploads\/2021\/11\/Sahra-Wagenknecht-\u201eWir-haben-keine-\u201aPandemie-der-Ungeimpften\u2018-WELT.pdf\">Sahra Wagenknecht- \u201eWir haben keine \u201aPandemie der Ungeimpften\u2018\u201c &#8211; WELT<\/a><a href=\"https:\/\/ilid.online\/wp-content\/uploads\/2021\/11\/Sahra-Wagenknecht-\u201eWir-haben-keine-\u201aPandemie-der-Ungeimpften\u2018-WELT.pdf\" class=\"wp-block-file__button\" download>Herunterladen<\/a><\/div>\n\n\n\n<p class=\"has-vivid-cyan-blue-color has-text-color\"><span class=\"has-inline-color has-black-color\">Quelle:<\/span> <a href=\"https:\/\/www.welt.de\/debatte\/kommentare\/plus235004752\/Sahra-Wagenknecht-Wir-haben-keine-Pandemie-der-Ungeimpften.html\" target=\"_blank\" rel=\"noreferrer noopener\"><span class=\"has-inline-color has-vivid-cyan-blue-color\">https:\/\/www.welt.de\/debatte\/kommentare\/plus235004752\/Sahra-Wagenknecht-Wir-haben-keine-Pandemie-der-Ungeimpften.html<\/span><\/a><\/p>\n\n\n\n<p><\/p>\n\n\n\n<p>________________________________________________________________<\/p>\n\n\n\n<p><\/p>\n\n\n\n<p class=\"has-medium-font-size\"><strong>05.11.2021: Sebastian Rushworth, MD, Arzt in Schweden, &#8222;Covid: How long does vaccine based immunity last?&#8220;<\/strong> <strong>(und zugeh\u00f6rige Studie)<\/strong><\/p>\n\n\n\n<p><\/p>\n\n\n\n<div data-wp-interactive=\"core\/file\" class=\"wp-block-file\"><object data-wp-bind--hidden=\"!state.hasPdfPreview\" hidden class=\"wp-block-file__embed\" data=\"https:\/\/ilid.online\/wp-content\/uploads\/2021\/11\/Covid-How-long-does-vaccine-based-immunity-last-Sebastian-Rushworth-M.D.pdf\" type=\"application\/pdf\" style=\"width:100%;height:600px\" aria-label=\"Einbettung von Einbettung von Covid- How long does vaccine based immunity last- - Sebastian Rushworth M.D..\"><\/object><a href=\"https:\/\/ilid.online\/wp-content\/uploads\/2021\/11\/Covid-How-long-does-vaccine-based-immunity-last-Sebastian-Rushworth-M.D.pdf\">Covid- How long does vaccine based immunity last- &#8211; Sebastian Rushworth M.D<\/a><a href=\"https:\/\/ilid.online\/wp-content\/uploads\/2021\/11\/Covid-How-long-does-vaccine-based-immunity-last-Sebastian-Rushworth-M.D.pdf\" class=\"wp-block-file__button\" download>Herunterladen<\/a><\/div>\n\n\n\n<p><\/p>\n\n\n\n<p class=\"has-vivid-cyan-blue-color has-text-color\"><span class=\"has-inline-color has-black-color\">Quelle:<\/span> <a href=\"https:\/\/sebastianrushworth.com\/2021\/11\/05\/covid-how-long-does-vaccine-based-immunity-last\/\" target=\"_blank\" rel=\"noreferrer noopener\"><span class=\"has-inline-color has-vivid-cyan-blue-color\">https:\/\/sebastianrushworth.com\/2<\/span>021\/11\/05\/covid-how-long-does-vaccine-based-immunity-last\/<\/a><\/p>\n\n\n\n<p>dasselbe in deutscher \u00dcbersetzung (mit Firefox):<\/p>\n\n\n\n<div data-wp-interactive=\"core\/file\" class=\"wp-block-file\"><object data-wp-bind--hidden=\"!state.hasPdfPreview\" hidden class=\"wp-block-file__embed\" data=\"https:\/\/ilid.online\/wp-content\/uploads\/2021\/11\/Covid-Wie-lange-haelt-eine-Impfimmunitaet-an-Sebastian-Rushworth-MD.pdf\" type=\"application\/pdf\" style=\"width:100%;height:600px\" aria-label=\"Einbettung von Einbettung von Covid-Wie-lange-haelt-eine-Impfimmunitaet-an-Sebastian-Rushworth-MD..\"><\/object><a href=\"https:\/\/ilid.online\/wp-content\/uploads\/2021\/11\/Covid-Wie-lange-haelt-eine-Impfimmunitaet-an-Sebastian-Rushworth-MD.pdf\">Covid-Wie-lange-haelt-eine-Impfimmunitaet-an-Sebastian-Rushworth-MD<\/a><a href=\"https:\/\/ilid.online\/wp-content\/uploads\/2021\/11\/Covid-Wie-lange-haelt-eine-Impfimmunitaet-an-Sebastian-Rushworth-MD.pdf\" class=\"wp-block-file__button\" download>Herunterladen<\/a><\/div>\n\n\n\n<p><\/p>\n\n\n\n<p>Die Preprint-Studie der Universit\u00e4t Umea, auf die Sebastian Rushworth Bezug nimmt, findet sich &#8211; zum Herunterladen &#8211; hier:<\/p>\n\n\n\n<p class=\"has-vivid-cyan-blue-color has-text-color\"><a href=\"https:\/\/papers.ssrn.com\/sol3\/papers.cfm?abstract_id=3949410\">https:\/\/papers.ssrn.com\/sol3\/papers.cfm?abstract_id=3949410<\/a> <\/p>\n\n\n\n<p class=\"has-vivid-cyan-blue-color has-text-color\"><a href=\"https:\/\/papers.ssrn.com\/sol3\/Delivery.cfm\/SSRN_ID3949410_code2488747.pdf\" target=\"_blank\" rel=\"noreferrer noopener\"><span class=\"has-inline-color has-vivid-cyan-blue-color\">https:\/\/papers.ssrn.com\/sol3\/Delivery.cfm\/SSRN_ID3949410_code2488747.pdf<\/span><\/a><\/p>\n\n\n\n<p>bzw. &#8211; heruntergeladen &#8211; hier: <\/p>\n\n\n\n<div data-wp-interactive=\"core\/file\" class=\"wp-block-file\"><object data-wp-bind--hidden=\"!state.hasPdfPreview\" hidden class=\"wp-block-file__embed\" data=\"https:\/\/ilid.online\/wp-content\/uploads\/2021\/11\/SSRN-id3949410.pdf\" type=\"application\/pdf\" style=\"width:100%;height:600px\" aria-label=\"Einbettung von Einbettung von SSRN-id3949410..\"><\/object><a href=\"https:\/\/ilid.online\/wp-content\/uploads\/2021\/11\/SSRN-id3949410.pdf\">SSRN-id3949410<\/a><a href=\"https:\/\/ilid.online\/wp-content\/uploads\/2021\/11\/SSRN-id3949410.pdf\" class=\"wp-block-file__button\" download>Herunterladen<\/a><\/div>\n\n\n\n<p>_______________________________________________________________<\/p>\n\n\n\n<p><\/p>\n\n\n\n<p class=\"has-medium-font-size\"><strong>04.11.2021: J\u00f6rg Phil Friedrich, Warum wir Precht, Wagenknecht und Kimmich verteidigen m\u00fcssen, WELT<\/strong><\/p>\n\n\n\n<div data-wp-interactive=\"core\/file\" class=\"wp-block-file\"><object data-wp-bind--hidden=\"!state.hasPdfPreview\" hidden class=\"wp-block-file__embed\" data=\"https:\/\/ilid.online\/wp-content\/uploads\/2021\/11\/Corona-Impfung-Verteidigung-von-Kimmich-Precht-und-Wagenknecht-WELT.pdf\" type=\"application\/pdf\" style=\"width:100%;height:600px\" aria-label=\"Einbettung von Einbettung von Corona-Impfung- Verteidigung von Kimmich, Precht und Wagenknecht - WELT..\"><\/object><a href=\"https:\/\/ilid.online\/wp-content\/uploads\/2021\/11\/Corona-Impfung-Verteidigung-von-Kimmich-Precht-und-Wagenknecht-WELT.pdf\">Corona-Impfung- Verteidigung von Kimmich, Precht und Wagenknecht &#8211; WELT<\/a><a href=\"https:\/\/ilid.online\/wp-content\/uploads\/2021\/11\/Corona-Impfung-Verteidigung-von-Kimmich-Precht-und-Wagenknecht-WELT.pdf\" class=\"wp-block-file__button\" download>Herunterladen<\/a><\/div>\n\n\n\n<p><\/p>\n\n\n\n<p class=\"has-vivid-cyan-blue-color has-text-color\"><span class=\"has-inline-color has-black-color\">Quelle:<\/span> <a href=\"https:\/\/www.welt.de\/kultur\/plus234808066\/Corona-Impfung-Verteidigung-von-Kimmich-Precht-und-Wagenknecht.html\" target=\"_blank\" rel=\"noreferrer noopener\"><span class=\"has-inline-color has-vivid-cyan-blue-color\">https:\/\/www.welt.de\/kultur\/plus234808066\/Corona-Impfung-Verteidigung-von-Kimmich-Precht-und-Wagenknecht.html<\/span><\/a><\/p>\n\n\n\n<p>______________________________________________________________<\/p>\n\n\n\n<p><\/p>\n\n\n\n<p class=\"has-medium-font-size\"><strong>03.11.2021: Oskar Lafontaine, Facebook-Kommentar<\/strong><\/p>\n\n\n\n<div data-wp-interactive=\"core\/file\" class=\"wp-block-file\"><object data-wp-bind--hidden=\"!state.hasPdfPreview\" hidden class=\"wp-block-file__embed\" data=\"https:\/\/ilid.online\/wp-content\/uploads\/2021\/11\/Oskar-Lafontaine_20211103.pdf\" type=\"application\/pdf\" style=\"width:100%;height:600px\" aria-label=\"Einbettung von Einbettung von Oskar Lafontaine_20211103..\"><\/object><a href=\"https:\/\/ilid.online\/wp-content\/uploads\/2021\/11\/Oskar-Lafontaine_20211103.pdf\">Oskar Lafontaine_20211103<\/a><a href=\"https:\/\/ilid.online\/wp-content\/uploads\/2021\/11\/Oskar-Lafontaine_20211103.pdf\" class=\"wp-block-file__button\" download>Herunterladen<\/a><\/div>\n\n\n\n<p>______________________________________________________________<\/p>\n\n\n\n<p><\/p>\n\n\n\n<p class=\"has-medium-font-size\"><strong>01.11.2021: Hans-Ulrich J\u00f6rges und andere (BILD.TV) <\/strong><\/p>\n\n\n\n<p>Transkript, Hans-Ulrich J\u00f6rges:<\/p>\n\n\n\n<p>\u201eJa, ich werde in diesem Monat zum dritten Mal geimpft, kriege also die ber\u00fchmte Booster-Impfung. Termin ist gemacht, wird passieren.<\/p>\n\n\n\n<p>Und trotzdem sage ich: H\u00e4nde weg von Sahra Wagenknecht und Joshua Kimmich, die ja nicht geimpft sind und die im Moment von einem Meinungsterror \u00fcberzogen werden, den ich f\u00fcr unertr\u00e4glich halte. Ich frag mich, woher kommt das, warum ist die Politik so besessen von dem Thema und warum macht sie das zur Staatsaff\u00e4re.<\/p>\n\n\n\n<p>&nbsp;Mein Eindruck ist, dass die pure Existenz der beiden, dass die einfach da sind als bekannte Pers\u00f6nlichkeiten, dass sie sich dem allgemeinen Impfzwang indirekter Art widersetzen, alleine ihre pure Existenz zeigt schon, dass die Verunglimpfung der Impfgegner als Rechtsradikale, Querdenker, Verschw\u00f6rungstheoretiker unhaltbar ist. Das zerst\u00f6rt diese Erz\u00e4hlung, die wir jetzt seit Monaten h\u00f6ren, die Ausgrenzung dieser Menschen.<\/p>\n\n\n\n<p>Und ich finde, dass man den beiden, Wagenknecht und Kimmich, daf\u00fcr sogar dankbar sein muss, dass man das jetzt erkennt, dass es jeder erkennen kann, was dahinter steckt. Und ich bin der Meinung, jetzt reicht\u2019s. Es ist genug passiert. Es sind weit \u00fcber 80% der Deutschen geimpft oder genesen. Das ist eine ordentliche Quote. Jetzt geht es nur noch um die Booster-Impfung f\u00fcr die \u00c4lteren und f\u00fcr bestimmte Problemgruppen, auch in Krankenh\u00e4usern und Heimen. Das muss passieren. Aber wer sich bis heute nicht hat impfen lassen, der l\u00e4sst sich nicht mehr impfen. Das passiert nicht mehr.<\/p>\n\n\n\n<p>Und deshalb bin ich der Meinung, alle die, die jetzt immer noch an die Ungeimpften hinreden und sie niedermachen, an der Spitze der Regierungssprecher und die Bundestagspr\u00e4sidentin und der unvermeidliche Karl Lauterbach und jetzt auch noch die Parteispitze der LINKEN, denen muss man sagen: Haltet die Klappe! Das Thema ist erledigt! Wir m\u00fcssen dazu \u00fcbergehen, diese Leute kollektiv zu verteidigen. Denn, das wissen wir ja, die Freiheit ist immer die Freiheit des Andersdenkenden. (\u2026)<\/p>\n\n\n\n<p>Wir m\u00fcssen daf\u00fcr sorgen, dass Menschen, die eine abweichende Meinung haben, die auch \u00e4u\u00dfern k\u00f6nnen d\u00fcrfen. Und das muss in dem Land selbstverst\u00e4ndlich sein. (\u2026) ist es nicht mehr (\u2026)<\/p>\n\n\n\n<p>Jeder Geimpfte muss sich bewusst sein, was heute dem Ungeimpften passiert, passiert ihm selbst morgen bei einem ganz anderen Thema. Wenn das sozusagen in dieser Demokratie \u00fcblich wird, dass gro\u00dfe Mehrheiten kleinere Gruppen ausgrenzen und kaltstellen und niedermachen und mit Meinungsterror \u00fcberziehen, dann ist diese Demokratie gescheitert. (\u2026)<\/p>\n\n\n\n<p>An Kimmich scheitert die Stigmatisierung von Abweichlern als Rechtsradikale und Querdenker und Spinner. Ja, die ist hier gescheitert, denn es ist erkennbar, der passt in keine dieser Kategorien. Das ist ein junger Mann, der eine abweichende Meinung hat, so wie Sahra Wagenknecht ihre abweichende Meinung hat. Das ist zul\u00e4ssig.<\/p>\n\n\n\n<p>Ich bin zu diesen &#8211; das ist mir dann wieder durch den Kopf gegangen \u2013 ich bin zu Querdenker-Demos in Berlin hingegangen, weil ich nicht einfach \u00fcbernommen habe, was mir da erz\u00e4hlt wurde, das also, das sind Tausende von Rechtsradikalen. (\u2026) Nein, ich habe sie mir angeguckt, ich habe nicht demonstriert. Ich bin dahin gegangen, um sie mir anzugucken. Und da gibt es zwar, da gab es eine nach meiner Wahrnehmung kleine Minderheit von Rechtsradikalen, unbezweifelbar, schon erkennbar an den Fahnen, an den Slogans. Und ansonsten war dort ein breiter Querschnitt von Menschen aus der Bev\u00f6lkerung, da waren auch Eltern mit ihren Kindern, die wegen der Schulschlie\u00dfungen und der Kitaschlie\u00dfungen besorgt (waren) und nicht wussten, wie sie mit den Kindern zurecht kommen sollten, die also ein eigenes Anliegen hatten und vollkommen in Ordnung waren.\u201c<\/p>\n\n\n\n<figure class=\"wp-block-embed is-type-rich is-provider-twitter wp-block-embed-twitter\"><div class=\"wp-block-embed__wrapper\">\n<blockquote class=\"twitter-tweet\" data-width=\"550\" data-dnt=\"true\"><p lang=\"de\" dir=\"ltr\">Hans-Ulrich <a href=\"https:\/\/twitter.com\/hashtag\/J%C3%B6rges?src=hash&amp;ref_src=twsrc%5Etfw\">#J\u00f6rges<\/a> zum Druck auf Ungeimpfte: \u201eWer sich bis heute nicht hat impfen lassen, der l\u00e4sst sich auch nicht mehr impfen. Ich bin der Meinung: Allen, die Ungeimpfte niedermachen, muss man sagen: Haltet die Klappe, das Thema ist erledigt!\u201c <a href=\"https:\/\/twitter.com\/hashtag\/ViertelNachAcht?src=hash&amp;ref_src=twsrc%5Etfw\">#ViertelNachAcht<\/a> <a href=\"https:\/\/twitter.com\/hashtag\/BILDLive?src=hash&amp;ref_src=twsrc%5Etfw\">#BILDLive<\/a> <a href=\"https:\/\/t.co\/LahGG3HXZt\">pic.twitter.com\/LahGG3HXZt<\/a><\/p>&mdash; BILD (@BILD) <a href=\"https:\/\/twitter.com\/BILD\/status\/1455278542980329474?ref_src=twsrc%5Etfw\">November 1, 2021<\/a><\/blockquote><script async src=\"https:\/\/platform.twitter.com\/widgets.js\" charset=\"utf-8\"><\/script>\n<\/div><\/figure>\n\n\n\n<p>____________________________________________________________<\/p>\n\n\n\n<p><\/p>\n\n\n\n<p class=\"has-medium-font-size\"><strong>29.10.2021: Sahra Wagenknecht<\/strong><\/p>\n\n\n\n<figure class=\"wp-block-embed is-type-video is-provider-youtube wp-block-embed-youtube wp-embed-aspect-16-9 wp-has-aspect-ratio\"><div class=\"wp-block-embed__wrapper\">\n<iframe loading=\"lazy\" title=\"Corona und kein Ende\u2026 Brauchen wir einen Freedom Day?\" width=\"640\" height=\"360\" src=\"https:\/\/www.youtube.com\/embed\/lirz_z7JSuE?feature=oembed\" frameborder=\"0\" allow=\"accelerometer; autoplay; clipboard-write; encrypted-media; gyroscope; picture-in-picture; web-share\" referrerpolicy=\"strict-origin-when-cross-origin\" allowfullscreen><\/iframe>\n<\/div><\/figure>\n\n\n\n<p><\/p>\n\n\n\n<p>Quelle: https:\/\/youtu.be\/lirz_z7JSuE<\/p>\n\n\n\n<p>__________________________________________________________<\/p>\n\n\n\n<p><\/p>\n\n\n\n<p class=\"has-medium-font-size\"><strong>28.10.2021: Dr. Thomas Quak<\/strong><\/p>\n\n\n\n<figure class=\"wp-block-embed is-type-rich is-provider-twitter wp-block-embed-twitter\"><div class=\"wp-block-embed__wrapper\">\n<blockquote class=\"twitter-tweet\" data-width=\"550\" data-dnt=\"true\"><p lang=\"de\" dir=\"ltr\">Weil es so einfach scheint: heute verzweifelte Lehrerin in der Praxis: grippaler Infekt, Covid-19 positiv, nach zweifach Impfung. \u201ewie kann das sein, fragt sie\u201c . <a href=\"https:\/\/twitter.com\/hashtag\/Todesangst?src=hash&amp;ref_src=twsrc%5Etfw\">#Todesangst<\/a><\/p>&mdash; Dr. Thomas Quak (@QuakDr) <a href=\"https:\/\/twitter.com\/QuakDr\/status\/1453806537449803780?ref_src=twsrc%5Etfw\">October 28, 2021<\/a><\/blockquote><script async src=\"https:\/\/platform.twitter.com\/widgets.js\" charset=\"utf-8\"><\/script>\n<\/div><\/figure>\n","protected":false},"excerpt":{"rendered":"<p>18.11.2021: Jessica Hamed, Die Politik steckt in der Sackgasse, cicero-online Quelle: https:\/\/www.cicero.de\/innenpolitik\/diskussion-um-gesetzliche-impflicht-die-politik-steckt-in-der-sackgasse ________________________________________________________________ 17.11.2021: Hannes Hofbauer zur Situation in \u00d6sterreich: \u201eSie sagen offen, dass damit die Menschen zum Impfen getrieben werden sollen\u201c, Nachdenkseiten Quelle: https:\/\/www.nachdenkseiten.de\/?p=78052&#8230;<\/p>\n","protected":false},"author":1,"featured_media":0,"parent":0,"menu_order":0,"comment_status":"closed","ping_status":"closed","template":"","meta":{"footnotes":""},"class_list":["post-399","page","type-page","status-publish","hentry","no-post-thumbnail"],"_links":{"self":[{"href":"https:\/\/ilid.online\/index.php?rest_route=\/wp\/v2\/pages\/399","targetHints":{"allow":["GET"]}}],"collection":[{"href":"https:\/\/ilid.online\/index.php?rest_route=\/wp\/v2\/pages"}],"about":[{"href":"https:\/\/ilid.online\/index.php?rest_route=\/wp\/v2\/types\/page"}],"author":[{"embeddable":true,"href":"https:\/\/ilid.online\/index.php?rest_route=\/wp\/v2\/users\/1"}],"replies":[{"embeddable":true,"href":"https:\/\/ilid.online\/index.php?rest_route=%2Fwp%2Fv2%2Fcomments&post=399"}],"version-history":[{"count":42,"href":"https:\/\/ilid.online\/index.php?rest_route=\/wp\/v2\/pages\/399\/revisions"}],"predecessor-version":[{"id":509,"href":"https:\/\/ilid.online\/index.php?rest_route=\/wp\/v2\/pages\/399\/revisions\/509"}],"wp:attachment":[{"href":"https:\/\/ilid.online\/index.php?rest_route=%2Fwp%2Fv2%2Fmedia&parent=399"}],"curies":[{"name":"wp","href":"https:\/\/api.w.org\/{rel}","templated":true}]}}