{"id":504,"date":"2021-11-19T12:24:46","date_gmt":"2021-11-19T11:24:46","guid":{"rendered":"https:\/\/ilid.online\/?page_id=504"},"modified":"2021-11-19T12:33:47","modified_gmt":"2021-11-19T11:33:47","slug":"covid-19-impfpflicht","status":"publish","type":"page","link":"https:\/\/ilid.online\/?page_id=504","title":{"rendered":"COVID-19 Impfpflicht"},"content":{"rendered":"\n<p class=\"has-medium-font-size\"><strong>18.11.2021: Sahra Wagenknecht, Impfpflicht (Video)<\/strong><\/p>\n\n\n\n<p>&#8222;Reiner Kr\u00f6hnert spricht mit Dr. Sahra Wagenknecht \u00fcber Impfpflicht<\/p>\n\n\n\n<p><strong>Reiner Kr\u00f6hnert<\/strong> ist Kabarettist<\/p>\n\n\n\n<p><strong>Dr. Sahra Wagenknecht<\/strong> ist Bundestagsabgeordnete der Linken<\/p>\n\n\n\n<h4 class=\"wp-block-heading\">Abstract <small>Dr. Sahra Wagenknecht<\/small><\/h4>\n\n\n\n<p>Bei Corona f\u00e4llt der Politik nichts besseres ein, als Ungeimpfte zum S\u00fcndenbock ihres eigenen Versagens zu machen. Dabei erkranken auch immer mehr Geimpfte, da die Wirkung der Vakzine nachl\u00e4sst. Statt aber darauf aufmerksam zu machen, und den Menschen &#8211; gleich ob geimpft oder ungeimpft &#8211; das Testen nahezulegen, wird geschimpft, schikaniert und gespalten was das Zeug h\u00e4lt. Dar\u00fcber und \u00fcber die gesellschaftlichen Auswirklungen dieser angstsch\u00fcrenden Corona-Politik hat der Kabarettist Reiner Kr\u00f6hnert mit der Linken-Abgeordneten Sahra Wagenknecht gesprochen.&#8220;<\/p>\n\n\n\n<p><\/p>\n\n\n\n<p><a href=\"https:\/\/allesaufdentisch.tv\/impfpflicht-2.html\">https:\/\/allesaufdentisch.tv\/impfpflicht-2.html<\/a><\/p>\n\n\n\n<p><\/p>\n\n\n\n<figure class=\"wp-block-embed is-type-video is-provider-youtube wp-block-embed-youtube wp-embed-aspect-16-9 wp-has-aspect-ratio\"><div class=\"wp-block-embed__wrapper\">\n<iframe loading=\"lazy\" title=\"Impfpflicht - Reiner Kr\u00f6hnert &amp; Sahra Wagenknecht - #allesaufdentisch\" width=\"640\" height=\"360\" src=\"https:\/\/www.youtube.com\/embed\/VpyomBBDPME?feature=oembed\" frameborder=\"0\" allow=\"accelerometer; autoplay; clipboard-write; encrypted-media; gyroscope; picture-in-picture; web-share\" referrerpolicy=\"strict-origin-when-cross-origin\" allowfullscreen><\/iframe>\n<\/div><\/figure>\n","protected":false},"excerpt":{"rendered":"<p>18.11.2021: Sahra Wagenknecht, Impfpflicht (Video) &#8222;Reiner Kr\u00f6hnert spricht mit Dr. Sahra Wagenknecht \u00fcber Impfpflicht Reiner Kr\u00f6hnert ist Kabarettist Dr. Sahra Wagenknecht ist Bundestagsabgeordnete der Linken Abstract Dr. Sahra Wagenknecht Bei Corona f\u00e4llt der Politik nichts&#8230;<\/p>\n","protected":false},"author":1,"featured_media":0,"parent":0,"menu_order":0,"comment_status":"closed","ping_status":"closed","template":"","meta":{"footnotes":""},"class_list":["post-504","page","type-page","status-publish","hentry","no-post-thumbnail"],"_links":{"self":[{"href":"https:\/\/ilid.online\/index.php?rest_route=\/wp\/v2\/pages\/504","targetHints":{"allow":["GET"]}}],"collection":[{"href":"https:\/\/ilid.online\/index.php?rest_route=\/wp\/v2\/pages"}],"about":[{"href":"https:\/\/ilid.online\/index.php?rest_route=\/wp\/v2\/types\/page"}],"author":[{"embeddable":true,"href":"https:\/\/ilid.online\/index.php?rest_route=\/wp\/v2\/users\/1"}],"replies":[{"embeddable":true,"href":"https:\/\/ilid.online\/index.php?rest_route=%2Fwp%2Fv2%2Fcomments&post=504"}],"version-history":[{"count":2,"href":"https:\/\/ilid.online\/index.php?rest_route=\/wp\/v2\/pages\/504\/revisions"}],"predecessor-version":[{"id":510,"href":"https:\/\/ilid.online\/index.php?rest_route=\/wp\/v2\/pages\/504\/revisions\/510"}],"wp:attachment":[{"href":"https:\/\/ilid.online\/index.php?rest_route=%2Fwp%2Fv2%2Fmedia&parent=504"}],"curies":[{"name":"wp","href":"https:\/\/api.w.org\/{rel}","templated":true}]}}