{"id":60,"date":"2021-10-02T01:37:36","date_gmt":"2021-10-01T23:37:36","guid":{"rendered":"http:\/\/ilid.online\/?page_id=60"},"modified":"2021-10-26T23:47:51","modified_gmt":"2021-10-26T21:47:51","slug":"03-10-2021","status":"publish","type":"page","link":"https:\/\/ilid.online\/?page_id=60","title":{"rendered":"27.10.2021 Online-Unterst\u00fctzungsunterschriften zum Schreiben"},"content":{"rendered":"\n<p><\/p>\n\n\n\n<p class=\"has-medium-font-size\"><strong>Online-Unterst\u00fctzungsunterschriften<\/strong> <strong>zum Schreiben von ILiD an die Ministerin f\u00fcr Bildung<\/strong><\/p>\n\n\n\n<p><\/p>\n\n\n\n\t<!-- SpeakOut! Email Petitions 4.6.5.1 :  -->\n\t<p id=\"dk-speakout-custom1-required\" style=\"display:none;\" \/><p id=\"dk-speakout-custom2-required\" style=\"display:none;\" \/><p id=\"dk-speakout-custom5-required\" style=\"display:none;\" \/>\t<div id=\"dk-speakout-windowshade\"><\/div>\n\t<div class=\"dk-speakout-petition-wrap dk-speakout-petition-id-1\" id=\"dk-speakout-petition-1\" >\n\t\t<h3>Unterst\u00fctzung des Schreibens von ILiD an die Ministerin f\u00fcr Bildung RLP, Dr. Stefanie Hubig, vom 16.09.2021<\/h3>\n\n\t\t\t\t\t<a id=\"dk-speakout-readme-1\" class=\"dk-speakout-readme\" rel=\"1\" style=\"display: none;\"><span>Read the petition<\/span><\/a>\n\t\t\n\t\t<div id=\"dk-speakout-form-wrap\">\n\t\t\t<form class=\"dk-speakout-petition\">\n\t\t\t\t<input type=\"hidden\" id=\"security\" name=\"security\" value=\"d7221072e8\" \/><input type=\"hidden\" name=\"_wp_http_referer\" value=\"\/index.php?rest_route=%2Fwp%2Fv2%2Fpages%2F60\" \/>\t\t\t\t<input type=\"hidden\" id=\"dk-speakout-posttitle-1\" value=\"Unterst\u00fctzung des Schreibens von ILiD an die Ministerin f\u00fcr Bildung RLP, Dr. Stefanie Hubig, vom 16.09.2021\" \/>\n\t\t\t\t<input type=\"hidden\" id=\"dk-speakout-tweet-1\" value=\"\" \/>\n\t\t\t\t<input type=\"hidden\" id=\"dk-speakout-lang-1\" value=\"\" \/>\n\t\t\t\t<input type=\"hidden\" id=\"dk-speakout-textval-1\" value=\"val\" \/>\n\t\t\t\t<input type=\"hidden\" id=\"dk-speakout-petition-fade-1\" value=\"disabled\" \/>\n\t\t\t\t<input type=\"hidden\" id=\"dk-speakout-requires_confirmation-1\" value=\"1\" \/>\n\t\t\t\t<input type=\"hidden\" id=\"dk-speakout-hide-email-field-1\" value=\"0\" \/>\n\n\t\t\t\t\n\t\t\t\t\t\t\t\t\n\t\t\t\t\t\t\t\t\t<div class=\"dk-speakout-full\">\n\t\t\t\t\t\t<select name=\"dk-speakout-honorific\" id=\"dk-speakout-honorific-1\">\n\t\t\t\t\t\t\t<option value=\"Ms.\">Ms.<\/option>\n<option value=\"Mr.\">Mr.<\/option>\n<option value=\"Miss.\">Miss.<\/option>\n<option value=\"Mrs.\">Mrs.<\/option>\n<option value=\"Mx.\">Mx.<\/option>\n<option value=\"Dr.\">Dr.<\/option>\n\t\t\t\t\t\t<\/select>\n\t\t\t\t\t<\/div>\n\t\t\t\t\n\t\t\t\t<div class=\"dk-speakout-full\">\n\t\t\t\t\t<input autocomplete=\"given-name\" name=\"dk-speakout-first-name\" id=\"dk-speakout-first-name-1\" type=\"text\" placeholder=\"Vorname\" required=\"required\"  \/>\n\t\t\t\t<\/div>\n\t\t\t\t\n\t\t\t\t<div class=\"dk-speakout-full\">\n\t\t\t\t\t<input autocomplete=\"family-name\" name=\"dk-speakout-last-name\" id=\"dk-speakout-last-name-1\" type=\"text\" placeholder=\"Nachname\" required=\"required\"  \/>\n\t\t\t\t<\/div>\n\n\t\t\t\t<div class=\"dk-speakout-full\"><input name=\"dk-speakout-custom_field\" id=\"dk-speakout-custom_field-1\" maxlength=\"400\" type=\"text\" placeholder=\"Beruf\" required=\"required\" \/><\/div><div class=\"dk-speakout-full\"><input name=\"dk-speakout-custom_field2\" id=\"dk-speakout-custom_field2-1\" maxlength=\"400\" type=\"text\" placeholder=\"Ort\" required=\"required\" \/><\/div>\n\t\t\t\t\t\t\t\t\t<div class=\"dk-speakout-full\">\n\t\t\t\t\t\t<input autocomplete=\"email\" name=\"dk-speakout-email\" id=\"dk-speakout-email-1\" type=\"email\"  placeholder=\"E-Mail-Adresse\" required=\"required\"  \/>\n\t\t\t\t\t<\/div>\n\t\t\t\t\n\t\t\t\t\t\t\t\t<div>\n\n\t\t\t\t\n\t\t\t\t\n\t\t\t\t\n\t\t\t\t\n\t\t\t\t\n\t\t\t\t\n\t\t\t\t<\/div>\n\n\t\t\t\t\t\t\t\t\t<div class=\"dk-speakout-full dk-speakout-message\"  id=\"dk-speakout-message-1\">\n\t\t\t\t\t\t<p class=\"dk-speakout-greeting\"><\/p>\n\t\t\t\t\t\t<p>Ich unterst\u00fctze das Schreibens von ILiD an die Ministerin f\u00fcr Bildung RLP, Dr. Stefanie Hubig, vom 16.09.2021 mit meiner Unterschrift. <\/p>\n<p>Sehr geehrte Frau Ministerin Dr. Hubig,<\/p>\n<p>im Namen und Auftrag der in und f\u00fcr Rheinland-Pfalz ins Leben gerufenen Initiative Lehrkr\u00e4fte im Dialog - ILiD wenden wir uns mit diesem Schreiben an Sie mit der Bitte um zeitnahe und substanzielle Beantwortung folgender Fragen zum weiteren Umgang der Landesregierung mit COVID-19 bzw. SARS-CoV-2 im Bereich Schulen in Rheinland-Pfalz:<\/p>\n<ol>\n<li>Schlie\u00dft die Landesregierung RLP eine Impfpflicht f\u00fcr Lehrkr\u00e4fte in Sachen COVID-19 per Landesgesetz oder Rechtsverordnung (nach IfSG \u00a7 20 Absatz 7) definitiv aus?<\/li>\n<li>Schlie\u00dft die Landesregierung RLP ihre Zustimmung im Bundesrat zu einer Impfpflicht f\u00fcr Lehrkr\u00e4fte in Sachen COVID-19 per Rechtsverordnung des Bundesministeriums f\u00fcr Gesundheit (nach IfSG \u00a7 20 Absatz 6) definitiv aus?<\/li>\n<li>Schlie\u00dft die Landesregierung RLP eine Impfpflicht f\u00fcr Sch\u00fclerinnen und Sch\u00fcler in Sachen COVID-19 per Landesgesetz oder Rechtsverordnung (nach IfSG \u00a7 20 Absatz 7) definitiv aus?<\/li>\n<li>Schlie\u00dft die Landesregierung RLP ihre Zustimmung im Bundesrat zu einer Impfpflicht f\u00fcr Sch\u00fclerinnen und Sch\u00fcler in Sachen COVID-19 per Rechtsverordnung des Bundesministeriums f\u00fcr Gesundheit (nach IfSG \u00a7 20 Absatz 6) definitiv aus?<\/li>\n<li>Welche Kriterien m\u00fcssen erf\u00fcllt sein, damit die Masken- und Testpflicht in den Schulen (insbesondere f\u00fcr Lehrkr\u00e4fte, Sch\u00fclerinnen und Sch\u00fcler) endet und zu uneingeschr\u00e4nktem Pr\u00e4senzunterricht zur\u00fcckgekehrt wird?<\/li>\n<li>Welche Beweggr\u00fcnde haben die Landesregierung bisher daran gehindert, so oder \u00e4hnlich im Schulbereich zu verfahren wie die Bildungsministerien in Schweden und Finnland?<\/li>\n<li>Welche Schlussfolgerungen wird die Landesregierung - vor dem Hintergrund der (fast) vollst\u00e4ndigen Beendigung der Corona-Bek\u00e4mpfungsma\u00dfnahmen in unseren Nachbarl\u00e4ndern D\u00e4nemark, Schweden und Niederlande - zeitnah im Schulbereich ziehen?\nZum Hintergrund der Initiative ILiD:\nDie Konstituierung von ILiD erfolgte durch aktive und ehemalige Lehrkr\u00e4fte des Landes RLP, die v.a. wegen folgender staatlicher Ma\u00dfnahmen der Corona-Bek\u00e4mpfung (existent, geplant, diskutiert, potenziell - im Bereich des M\u00f6glichen) sehr beunruhigt sind, da sie diese f\u00fcr nicht geeignet, nicht erforderlich, unverh\u00e4ltnism\u00e4\u00dfig und unangemessen sowie in wesentlichen Teilen f\u00fcr rechtswidrig und ihre (psychischen, sozialen, \u00f6konomischen) Folgen f\u00fcr katastrophal halten:<\/li>\n<\/ol>\n<ul>\n<li>Maskenzwang und Testpflicht in der Schule <\/li>\n<li>SARS-CoV-2-Impfung von Kindern und Jugendlichen mit nicht hinreichend getesteten Impfstoffen (insbesondere mRNA- und Vektorimpfstoffe) und zweifelhafter Empfehlung durch die STIKO im Vergleich zu Einsch\u00e4tzungen anderer L\u00e4nder <\/li>\n<li>Impfzwang bzw. direkte und indirekte Impfplicht gegen COVID-19<\/li>\n<li>Diskriminierung von nicht gegen COVID-19 geimpften Menschen<\/li>\n<li>die zerst\u00f6rerische Spaltung unserer Gesellschaft in Nicht-Geimpfte versus Geimpfte\/Genesene.\nDie Mitglieder von ILiD kommen aus unterschiedlichen Schularten und -formen, (partei-)politischen und\/oder gewerkschaftlichen Zusammenh\u00e4ngen. Sie haben sich zu ILiD zusammengeschlossen, da sie ihre beruflichen und pers\u00f6nlichen Interessen als P\u00e4dagoginnen und P\u00e4dagogen und als Menschen im Umgang mit COVID-19\/SARS-CoV-2 (in den Schulen) durch Gewerkschaften und Verb\u00e4nde nicht hinreichend vertreten sehen und sich insbesondere f\u00fcr folgende Ziele einsetzen:<\/li>\n<li>uneingeschr\u00e4nkter Pr\u00e4senzunterricht (vgl. Schweden)<\/li>\n<li>die sofortige Beendigung der epidemischen Lage von nationaler Tragweite durch den Bundestag<\/li>\n<li>die sofortige Beendigung aller autorit\u00e4ren, obrigkeitsstaatlichen, verfassungs- und grundgesetzwidrigen, rechtsstaatswidrigen, unverh\u00e4ltnism\u00e4\u00dfigen Corona-Bek\u00e4mpfungsma\u00dfnahmen von Bundesregierung, Landesregierung und kommunaler Verwaltung<\/li>\n<\/ul>\n<p>Mit freundlichen Gr\u00fc\u00dfen<\/p>\t\t\t\t\t\t\n\t\t\t\t\t\t\t\t\t\t\t\t\t<br><br>Initiative Lehrkr\u00e4fte im Dialog - ILiD\t\t\t\t\t\t\t\t\t\t\t<\/div>\n\t\t\t\t\n\t\t\t\t\n\t\t\t\t\t\t\t\t\t<div class=\"dk-speakout-bcc-wrap\">\n\t\t\t\t\t\t<div class=\"dk-speakout-options-checkbox\">\n\t\t\t\t\t\t\t<input type=\"checkbox\" name=\"dk-speakout-bcc\" id=\"dk-speakout-bcc-1\" checked=\"checked\" \/>\n\t\t\t\t\t\t\t<label for=\"dk-speakout-bcc-1\" class=\"dk-speakout-options\">BCC an dich selbst <\/label>\n\t\t\t\t\t\t<\/div>\n\t\t\t\t\t<\/div>\n\t\t\t\t\n\t\t\t\t\n\t\t\t\t\n\t\t\t\t\n\t\t\t\t\n\t\t\t\t<div class=\"dk-speakout-submit-wrap\">\n\t\t\t\t\t<div id=\"dk-speakout-ajaxloader-1\" class=\"dk-speakout-ajaxloader\" style=\"visibility: hidden;\">&nbsp;<\/div>\n\t\t\t\t\t<button name=\"1\" class=\"dk-speakout-submit\">Bitte hier unterschreiben<\/button>\n\t\t\t\t<\/div>\n\t\t\t<\/form>\n\t\t<\/div>\n\t\t<div class=\"dk-speakout-response\"><\/div>\n\n\t\t\t\t\t<div class=\"dk-speakout-progress-wrap\">\n\t\t\t\t<div class=\"dk-speakout-signature-count\">\n\t\t\t\t\t<span>141<\/span> Unterschriften \t\t\t\t<\/div>\n\t\t\t\t\t\t\t<\/div>\n\t\t\n\t\t\t\t\t<div class=\"dk-speakout-share\">\n\t\t\t\t<div>\n\t\t\t\t\t<p>Freunden mitteilen:<\/p>\n\t\t\t\t\t<p>\n\t\t\t\t\t\t<a class=\"dk-speakout-facebook\" href=\"#\" title=\"Facebook\" rel=\"1\"><\/a>\n\t\t\t\t\t\t<a class=\"dk-speakout-email\"  target=\"_blank\" href=\"mailto:?subject=Unterst%C3%BCtzung%20des%20Schreibens%20von%20ILiD%20an%20die%20Ministerin%20f%C3%BCr%20Bildung%20RLP%2C%20Dr.%20Stefanie%20Hubig%2C%20vom%2016.09.2021&amp;body=https%3A%2F%2Filid.online%2F%3Fpage_id%3D60\" title=\"Share by Email\"><\/a>\n\t\t\t\t\t\t<a class=\"dk-speakout-x\" href=\"#\" title=\"X\" rel=\"1\"><\/a>\n\t\t\t\t\t<\/p>\n\t\t\t\t<\/div>\n\t\t\t\t<div class=\"dk-speakout-clear\"><\/div>\n\t\t\t<\/div>\n\t\t\t<\/div>\n\n\n\n\n\n<p><\/p>\n\n\n\r\n                    <!-- signaturelist table -->\r\n                    <div class=\"dk-speakout-signaturelistWrapper\">\r\n                      <div class=\"dk-speakout-signaturelist-header\">Neueste Unterschriften<\/div>\r\n                        <table class=\"dk-speakout-signaturelist dk-speakout-signaturelist-1\">\r\n    \t\t\t\t\t<tr class=\"dk-speakout-signaturelist-pagelinks\">\r\n    \t\t\t\t\t\t<td colspan=\"6\">\r\n    \t\t\t\t\t\t    <a class=\"dk-speakout-signaturelist-first dk-speakout-signaturelist-disabled\" rel=\"1,141,50,141,0,3\">&lt;&lt;<\/a>\r\n    \t\t\t\t\t\t\t<a class=\"dk-speakout-signaturelist-prev dk-speakout-signaturelist-disabled\" rel=\"1,141,50,141,0,3\">&lt;<\/a>\r\n    \t\t\t\t\t\t\t<a class=\"dk-speakout-signaturelist-next\" rel=\"1,50,50,141,1,3,\">&gt;<\/a>\r\n    \t\t\t\t\t\t\t<a class=\"dk-speakout-signaturelist-last\" rel=\"1,91,50,141,1,3,\">&gt;&gt;<\/a>\r\n    \t\t\t\t\t\t<\/td>\r\n    \t\t\t\t\t<\/tr>\r\n    \t\t\t\t\t<\/table>\r\n                    <\/div>\n\n\n\n<p><\/p>\n\n\n\n<p>________________________________________________________________________<\/p>\n\n\n\n<p><\/p>\n\n\n\n<p class=\"has-medium-font-size\"><strong>Offline-Unterst\u00fctzungsunterschriftenlisten k\u00f6nnen <a rel=\"noreferrer noopener\" href=\"https:\/\/ilid.online\/wp-content\/uploads\/2021\/10\/Unterstuetzungsunterschriften_Schreiben_MfB_VI_e_o_U.pdf\" target=\"_blank\"><span class=\"has-inline-color has-vivid-cyan-blue-color\">hier<\/span><\/a> heruntergeladen werden. <\/strong><\/p>\n","protected":false},"excerpt":{"rendered":"<p>Online-Unterst\u00fctzungsunterschriften zum Schreiben von ILiD an die Ministerin f\u00fcr Bildung ________________________________________________________________________ Offline-Unterst\u00fctzungsunterschriftenlisten k\u00f6nnen hier heruntergeladen werden.<\/p>\n","protected":false},"author":1,"featured_media":0,"parent":0,"menu_order":0,"comment_status":"closed","ping_status":"closed","template":"","meta":{"footnotes":""},"class_list":["post-60","page","type-page","status-publish","hentry","no-post-thumbnail"],"_links":{"self":[{"href":"https:\/\/ilid.online\/index.php?rest_route=\/wp\/v2\/pages\/60","targetHints":{"allow":["GET"]}}],"collection":[{"href":"https:\/\/ilid.online\/index.php?rest_route=\/wp\/v2\/pages"}],"about":[{"href":"https:\/\/ilid.online\/index.php?rest_route=\/wp\/v2\/types\/page"}],"author":[{"embeddable":true,"href":"https:\/\/ilid.online\/index.php?rest_route=\/wp\/v2\/users\/1"}],"replies":[{"embeddable":true,"href":"https:\/\/ilid.online\/index.php?rest_route=%2Fwp%2Fv2%2Fcomments&post=60"}],"version-history":[{"count":14,"href":"https:\/\/ilid.online\/index.php?rest_route=\/wp\/v2\/pages\/60\/revisions"}],"predecessor-version":[{"id":398,"href":"https:\/\/ilid.online\/index.php?rest_route=\/wp\/v2\/pages\/60\/revisions\/398"}],"wp:attachment":[{"href":"https:\/\/ilid.online\/index.php?rest_route=%2Fwp%2Fv2%2Fmedia&parent=60"}],"curies":[{"name":"wp","href":"https:\/\/api.w.org\/{rel}","templated":true}]}}