{"id":63,"date":"2021-10-02T01:40:54","date_gmt":"2021-10-01T23:40:54","guid":{"rendered":"http:\/\/ilid.online\/?page_id=63"},"modified":"2021-10-06T18:50:55","modified_gmt":"2021-10-06T16:50:55","slug":"links","status":"publish","type":"page","link":"https:\/\/ilid.online\/?page_id=63","title":{"rendered":"Initiativen"},"content":{"rendered":"\n<p><\/p>\n\n\n\n<p class=\"has-vivid-cyan-blue-color has-text-color has-medium-font-size\"><span class=\"has-inline-color has-vivid-cyan-blue-color\"><a rel=\"noreferrer noopener\" href=\"https:\/\/allesaufdentisch.tv\" target=\"_blank\">https:\/\/allesaufdentisch.tv<\/a><\/span><\/p>\n\n\n\n<p><\/p>\n\n\n\n<p class=\"has-black-color has-text-color has-medium-font-size\"><strong>21.08.2021:<\/strong> <\/p>\n\n\n\n<p class=\"has-medium-font-size\"><strong>M\u00fcns<\/strong>ter, <strong>Ein Hilferuf der P\u00e4dagogen<\/strong><\/p>\n\n\n\n<figure class=\"wp-block-embed is-type-video is-provider-youtube wp-block-embed-youtube wp-embed-aspect-16-9 wp-has-aspect-ratio\"><div class=\"wp-block-embed__wrapper\">\n<iframe loading=\"lazy\" title=\"#paedagogenzeigengesicht. P\u00e4dagogen zeigen Gesicht 21.8.2021 M\u00fcnster. Ein Hilferuf der P\u00e4dagogen!\" width=\"640\" height=\"360\" src=\"https:\/\/www.youtube.com\/embed\/g8VWNPulw5w?feature=oembed\" frameborder=\"0\" allow=\"accelerometer; autoplay; clipboard-write; encrypted-media; gyroscope; picture-in-picture; web-share\" referrerpolicy=\"strict-origin-when-cross-origin\" allowfullscreen><\/iframe>\n<\/div><\/figure>\n\n\n\n<p><\/p>\n","protected":false},"excerpt":{"rendered":"<p>https:\/\/allesaufdentisch.tv 21.08.2021: M\u00fcnster, Ein Hilferuf der P\u00e4dagogen<\/p>\n","protected":false},"author":1,"featured_media":0,"parent":0,"menu_order":0,"comment_status":"closed","ping_status":"closed","template":"","meta":{"footnotes":""},"class_list":["post-63","page","type-page","status-publish","hentry","no-post-thumbnail"],"_links":{"self":[{"href":"https:\/\/ilid.online\/index.php?rest_route=\/wp\/v2\/pages\/63","targetHints":{"allow":["GET"]}}],"collection":[{"href":"https:\/\/ilid.online\/index.php?rest_route=\/wp\/v2\/pages"}],"about":[{"href":"https:\/\/ilid.online\/index.php?rest_route=\/wp\/v2\/types\/page"}],"author":[{"embeddable":true,"href":"https:\/\/ilid.online\/index.php?rest_route=\/wp\/v2\/users\/1"}],"replies":[{"embeddable":true,"href":"https:\/\/ilid.online\/index.php?rest_route=%2Fwp%2Fv2%2Fcomments&post=63"}],"version-history":[{"count":12,"href":"https:\/\/ilid.online\/index.php?rest_route=\/wp\/v2\/pages\/63\/revisions"}],"predecessor-version":[{"id":347,"href":"https:\/\/ilid.online\/index.php?rest_route=\/wp\/v2\/pages\/63\/revisions\/347"}],"wp:attachment":[{"href":"https:\/\/ilid.online\/index.php?rest_route=%2Fwp%2Fv2%2Fmedia&parent=63"}],"curies":[{"name":"wp","href":"https:\/\/api.w.org\/{rel}","templated":true}]}}