{"id":92,"date":"2021-10-03T00:44:29","date_gmt":"2021-10-02T22:44:29","guid":{"rendered":"https:\/\/ilid.online\/?page_id=92"},"modified":"2021-11-16T17:16:42","modified_gmt":"2021-11-16T16:16:42","slug":"impfen","status":"publish","type":"page","link":"https:\/\/ilid.online\/?page_id=92","title":{"rendered":"COVID-19-Impfung allgemein"},"content":{"rendered":"\n<p class=\"has-medium-font-size\"><strong>12.11.2021: WHO-Chef nennt Booster-Impfungen f\u00fcr Gesunde einen Skandal, Berliner Zeitung<\/strong><\/p>\n\n\n\n<p>Zitate aus dem Artikel: <\/p>\n\n\n\n<p>&#8222;Trotz explodierender Corona-Infektionszahlen in Europa hat der Chef der Weltgesundheitsorganisation (WHO), Tedros Adhanom Ghebreyesus, Auffrischimpfungen f\u00fcr gesunde Geimpfte verurteilt. Auffrischungen bei ihnen oder das Impfen von Kindern mache keinen Sinn, solange Gesundheitspersonal und besonders gef\u00e4hrdete Menschen in \u00e4rmeren L\u00e4ndern noch auf ihre erste Impfdosis warteten.&#8220;<\/p>\n\n\n\n<p>&#8222;Die Menschen k\u00f6nnten mit den vorhandenen Schutzma\u00dfnahmen gesch\u00fctzt werden, darunter testen, Maske tragen, Abstand halten sowie guter L\u00fcftung und dem Vermeiden von Menschenansammlungen auf engem Raum.&#8220;<\/p>\n\n\n\n<p>&#8222;\u201eMit der richtigen Mischung k\u00f6nnen L\u00e4nder sowohl die \u00dcbertragung von Covid-19 niedrig halten als auch ihre Gesellschaften und Wirtschaft offenhalten\u201c, sagte Tedros.&#8220;<\/p>\n\n\n\n<p>&#8222;\u201eKein Land kann sich einfach aus der Covid-19-Pandemie herausimpfen.\u201c&#8220;<\/p>\n\n\n\n<p class=\"has-vivid-cyan-blue-color has-text-color\"><a href=\"https:\/\/www.berliner-zeitung.de\/news\/who-chef-nennt-booster-impfungen-fuer-gesunde-einen-skandal-li.194598\" target=\"_blank\" rel=\"noreferrer noopener\">https:\/\/www.berliner-zeitung.de\/news\/who-chef-nennt-booster-impfungen-fuer-gesunde-einen-skandal-li.194598<\/a><\/p>\n\n\n\n<p><\/p>\n\n\n\n<p>___________________________________________________________<\/p>\n\n\n\n<p class=\"has-medium-font-size\"><strong>04.11.2021: Stefan Oelrich, Bayer AG | Member of the Board of Management and Head of the Pharmaceuticals Division | Germany, Auszug aus Rede auf dem World Health Summit 2021, Berlin, 24.10.2021<\/strong><\/p>\n\n\n\n<p class=\"has-medium-font-size\"><strong>Zum mRNA-Vakzin als Beispiel f\u00fcr Gen- und Zell-Therapie<\/strong><\/p>\n\n\n\n<figure class=\"wp-block-video\"><video height=\"1080\" style=\"aspect-ratio: 1920 \/ 1080;\" width=\"1920\" controls src=\"https:\/\/ilid.online\/wp-content\/uploads\/2021\/11\/Stefan-Oelrich-Bayer-Auszug-KEY-01-Opening-Ceremony-World-Health-Summit-2021.mp4\"><\/video><\/figure>\n\n\n\n<p><\/p>\n\n\n\n<p class=\"has-vivid-cyan-blue-color has-text-color\"><span class=\"has-inline-color has-black-color\">Quelle:<\/span> <a rel=\"noreferrer noopener\" href=\"https:\/\/youtu.be\/OJFKBritLlc\" target=\"_blank\"><span class=\"has-inline-color has-vivid-cyan-blue-color\">https:\/\/youtu.be\/OJFKBritLlc<\/span><\/a> <span class=\"has-inline-color has-black-color\">1:29:03 &#8211; 1:42:07<\/span> <span class=\"has-inline-color has-black-color\">(gesamte Rede), 1:36:00 &#8211; 1:37:25 (Auszug)<\/span><\/p>\n\n\n\n<p><\/p>\n\n\n\n<p>___________________________________________________________<\/p>\n\n\n\n<p class=\"has-medium-font-size\"><strong>05.10.2021:<\/strong><\/p>\n\n\n\n<p class=\"has-medium-font-size\"><strong>Prof. Dr. Dietrich Murswieg: Rechtsgutachten \u201cVerfassungswidrigkeit indirekter COVID-19-Impfzwang\u201d<\/strong><\/p>\n\n\n\n<p class=\"has-medium-font-size\"><strong>Langfassung:<br><\/strong><\/p>\n\n\n\n<div data-wp-interactive=\"core\/file\" class=\"wp-block-file\"><object data-wp-bind--hidden=\"!state.hasPdfPreview\" hidden class=\"wp-block-file__embed\" data=\"https:\/\/ilid.online\/wp-content\/uploads\/2021\/10\/Gutachten-Die-Verfassungswidrigkeit-des-indirekten-Corona-Impfzwangs.pdf\" type=\"application\/pdf\" style=\"width:100%;height:600px\" aria-label=\"Einbettung von Einbettung von Gutachten-Die-Verfassungswidrigkeit-des-indirekten-Corona-Impfzwangs..\"><\/object><a href=\"https:\/\/ilid.online\/wp-content\/uploads\/2021\/10\/Gutachten-Die-Verfassungswidrigkeit-des-indirekten-Corona-Impfzwangs.pdf\">Gutachten-Die-Verfassungswidrigkeit-des-indirekten-Corona-Impfzwangs<\/a><a href=\"https:\/\/ilid.online\/wp-content\/uploads\/2021\/10\/Gutachten-Die-Verfassungswidrigkeit-des-indirekten-Corona-Impfzwangs.pdf\" class=\"wp-block-file__button\" download>Herunterladen<\/a><\/div>\n\n\n\n<p>Quelle:<\/p>\n\n\n\n<p><a rel=\"noreferrer noopener\" href=\"https:\/\/impfentscheidung.online\/wp-content\/uploads\/2021\/10\/Gutachten-Die-Verfassungswidrigkeit-des-indirekten-Corona-Impfzwangs.pdf\" target=\"_blank\">https:\/\/impfentscheidung.online\/wp-content\/uploads\/2021\/10\/Gutachten-Die-Verfassungswidrigkeit-des-indirekten-Corona-Impfzwangs.pdf<\/a><\/p>\n\n\n\n<p class=\"has-medium-font-size\"><strong>Kurzfassung:<\/strong><\/p>\n\n\n\n<div data-wp-interactive=\"core\/file\" class=\"wp-block-file\"><object data-wp-bind--hidden=\"!state.hasPdfPreview\" hidden class=\"wp-block-file__embed\" data=\"https:\/\/ilid.online\/wp-content\/uploads\/2021\/10\/Kurzzusammenfassung-Gutachten.pdf\" type=\"application\/pdf\" style=\"width:100%;height:600px\" aria-label=\"Einbettung von Einbettung von Kurzzusammenfassung-Gutachten..\"><\/object><a href=\"https:\/\/ilid.online\/wp-content\/uploads\/2021\/10\/Kurzzusammenfassung-Gutachten.pdf\">Kurzzusammenfassung-Gutachten<\/a><a href=\"https:\/\/ilid.online\/wp-content\/uploads\/2021\/10\/Kurzzusammenfassung-Gutachten.pdf\" class=\"wp-block-file__button\" download>Herunterladen<\/a><\/div>\n\n\n\n<p>Quelle:<\/p>\n\n\n\n<p><a href=\"https:\/\/impfentscheidung.online\/wp-content\/uploads\/2021\/10\/Kurzzusammenfassung-Gutachten.pdf\" target=\"_blank\" rel=\"noreferrer noopener\">https:\/\/impfentscheidung.online\/wp-content\/uploads\/2021\/10\/Kurzzusammenfassung-Gutachten.pdf<\/a><\/p>\n\n\n\n<p><\/p>\n\n\n\n<p class=\"has-medium-font-size\"><strong>Video Freie Impfentscheidung, Interview mit Rechtsanw\u00e4ltin Jessica Hamed<\/strong><\/p>\n\n\n\n<figure class=\"wp-block-embed is-type-video is-provider-youtube wp-block-embed-youtube\"><div class=\"wp-block-embed__wrapper\">\n<iframe loading=\"lazy\" title=\"Freie Impfentscheidung  #allesaufdentisch (JETZT PETITION MITZEICHNEN!)\" width=\"640\" height=\"360\" src=\"https:\/\/www.youtube.com\/embed\/NApIymiJrl4?feature=oembed\" frameborder=\"0\" allow=\"accelerometer; autoplay; clipboard-write; encrypted-media; gyroscope; picture-in-picture; web-share\" referrerpolicy=\"strict-origin-when-cross-origin\" allowfullscreen><\/iframe>\n<\/div><\/figure>\n\n\n\n<p><\/p>\n\n\n\n<p class=\"has-medium-font-size\"><strong>Video Corona Schutzimpfung, Interview mit Dr. Friedrich P\u00fcrner<\/strong><\/p>\n\n\n\n<figure class=\"wp-block-embed is-type-video is-provider-youtube wp-block-embed-youtube wp-embed-aspect-16-9 wp-has-aspect-ratio\"><div class=\"wp-block-embed__wrapper\">\n<iframe loading=\"lazy\" title=\"Corona Schutzimpfung  #allesaufdentisch (JETZT PETITION MITZEICHNEN!)\" width=\"640\" height=\"360\" src=\"https:\/\/www.youtube.com\/embed\/gwS82t55gSA?feature=oembed\" frameborder=\"0\" allow=\"accelerometer; autoplay; clipboard-write; encrypted-media; gyroscope; picture-in-picture; web-share\" referrerpolicy=\"strict-origin-when-cross-origin\" allowfullscreen><\/iframe>\n<\/div><\/figure>\n\n\n\n<p><\/p>\n\n\n\n<p class=\"has-medium-font-size\"><strong>Video Impf-Solidarit\u00e4t, Interview mit Dip.-Psych. Tobias Sonntag<\/strong><\/p>\n\n\n\n<figure class=\"wp-block-embed is-type-video is-provider-youtube wp-block-embed-youtube wp-embed-aspect-16-9 wp-has-aspect-ratio\"><div class=\"wp-block-embed__wrapper\">\n<iframe loading=\"lazy\" title=\"Impf-Solidarit\u00e4t  #allesaufdentisch\" width=\"640\" height=\"360\" src=\"https:\/\/www.youtube.com\/embed\/42vINlmMhWQ?feature=oembed\" frameborder=\"0\" allow=\"accelerometer; autoplay; clipboard-write; encrypted-media; gyroscope; picture-in-picture; web-share\" referrerpolicy=\"strict-origin-when-cross-origin\" allowfullscreen><\/iframe>\n<\/div><\/figure>\n\n\n\n<p><strong>03.10.2021<\/strong><\/p>\n\n\n\n<p class=\"has-medium-font-size\"><strong>ISRAEL<\/strong>:<\/p>\n\n\n\n<div data-wp-interactive=\"core\/file\" class=\"wp-block-file\"><object data-wp-bind--hidden=\"!state.hasPdfPreview\" hidden class=\"wp-block-file__embed\" data=\"https:\/\/ilid.online\/wp-content\/uploads\/2021\/10\/Mit-der-neuen-COVID-Richtlinie-definiert-Israel-neu-was-es-bedeutet-geimpft-zu-werden-Israel-News-Haaretz.pdf\" type=\"application\/pdf\" style=\"width:100%;height:600px\" aria-label=\"Einbettung von Einbettung von Mit der neuen COVID-Richtlinie definiert Israel neu, was es bedeutet, geimpft zu werden - Israel News - Haaretz..\"><\/object><a href=\"https:\/\/ilid.online\/wp-content\/uploads\/2021\/10\/Mit-der-neuen-COVID-Richtlinie-definiert-Israel-neu-was-es-bedeutet-geimpft-zu-werden-Israel-News-Haaretz.pdf\">Mit der neuen COVID-Richtlinie definiert Israel neu, was es bedeutet, geimpft zu werden &#8211; Israel News &#8211; Haaretz<\/a><a href=\"https:\/\/ilid.online\/wp-content\/uploads\/2021\/10\/Mit-der-neuen-COVID-Richtlinie-definiert-Israel-neu-was-es-bedeutet-geimpft-zu-werden-Israel-News-Haaretz.pdf\" class=\"wp-block-file__button\" download>Herunterladen<\/a><\/div>\n","protected":false},"excerpt":{"rendered":"<p>12.11.2021: WHO-Chef nennt Booster-Impfungen f\u00fcr Gesunde einen Skandal, Berliner Zeitung Zitate aus dem Artikel: &#8222;Trotz explodierender Corona-Infektionszahlen in Europa hat der Chef der Weltgesundheitsorganisation (WHO), Tedros Adhanom Ghebreyesus, Auffrischimpfungen f\u00fcr gesunde Geimpfte verurteilt. Auffrischungen bei&#8230;<\/p>\n","protected":false},"author":1,"featured_media":0,"parent":0,"menu_order":0,"comment_status":"closed","ping_status":"closed","template":"","meta":{"footnotes":""},"class_list":["post-92","page","type-page","status-publish","hentry","no-post-thumbnail"],"_links":{"self":[{"href":"https:\/\/ilid.online\/index.php?rest_route=\/wp\/v2\/pages\/92","targetHints":{"allow":["GET"]}}],"collection":[{"href":"https:\/\/ilid.online\/index.php?rest_route=\/wp\/v2\/pages"}],"about":[{"href":"https:\/\/ilid.online\/index.php?rest_route=\/wp\/v2\/types\/page"}],"author":[{"embeddable":true,"href":"https:\/\/ilid.online\/index.php?rest_route=\/wp\/v2\/users\/1"}],"replies":[{"embeddable":true,"href":"https:\/\/ilid.online\/index.php?rest_route=%2Fwp%2Fv2%2Fcomments&post=92"}],"version-history":[{"count":21,"href":"https:\/\/ilid.online\/index.php?rest_route=\/wp\/v2\/pages\/92\/revisions"}],"predecessor-version":[{"id":487,"href":"https:\/\/ilid.online\/index.php?rest_route=\/wp\/v2\/pages\/92\/revisions\/487"}],"wp:attachment":[{"href":"https:\/\/ilid.online\/index.php?rest_route=%2Fwp%2Fv2%2Fmedia&parent=92"}],"curies":[{"name":"wp","href":"https:\/\/api.w.org\/{rel}","templated":true}]}}